{"id":669,"date":"2014-10-24T08:45:59","date_gmt":"2014-10-24T08:45:59","guid":{"rendered":"http:\/\/dodo.inm.ras.ru\/biomath\/?page_id=669"},"modified":"2015-10-07T17:57:07","modified_gmt":"2015-10-07T17:57:07","slug":"prog","status":"publish","type":"page","link":"https:\/\/dodo.inm.ras.ru\/biomath\/conf6-en\/prog","title":{"rendered":"Joint program"},"content":{"rendered":"<div class=\"col300\" id=\"sidebar\" style=\"margin: 0px;\">\n<aside class=\"widget\" id=\"nav_menu-2\" style=\"margin: 0px; padding: 0px;\">\n<ul>\n<li style=\"list-style-type: none;\"><a href=\"http:\/\/dodo.inm.ras.ru\/biomath\/conf6-en\/\">VI-th conference<\/a><\/li>\n<li style=\"list-style-type: none;\"><a href=\"http:\/\/dodo.inm.ras.ru\/biomath\/conf6-en\/prog\/\">Joint program<\/a><\/li>\n<li style=\"list-style-type: none;\"><a href=\"http:\/\/dodo.inm.ras.ru\/biomath\/conf6-en\/pres\/\">Electronic presentations<\/a><\/li>\n<li style=\"list-style-type: none;\"><a href=\"http:\/\/dodo.inm.ras.ru\/biomath\/conf6-en\/materials\/\">Proceedings of VI-th conference (special issue of RJNAMM journal)<\/a><\/li>\n<li style=\"list-style-type: none;\"><a href=\"http:\/\/dodo.inm.ras.ru\/biomath\/conf6-en\/mmmbm\/\">Workshop MMMBM<\/a><\/li>\n<\/ul>\n<\/aside>\n<\/div>\n<div id=\"main\" class=\"clearfix col620\">\n<h3 style=\"text-align: justify;\">6th Russian Workshop on Mathematical Models and Numerical Methods in Biomathematics and 4-th International Workshop on the Multiscale Modeling and Methods in Biology and Medicine<\/h3>\n<h4>Venue: INM RAS, Room 727, Gubkin str., 8, Moscow (www.inm.ras.ru)<\/h4>\n<h3>October 29, Wednesday<\/h3>\n<table cellpadding=\"10\">\n<tbody>\n<tr>\n<td width=\"51px\">10:00-10.10<\/td>\n<td><b>Opening of the 6th Russian workshop on mathematical models and numerical methods in biomathematics (in Russian)<\/b><\/td>\n<\/tr>\n<\/tbody>\n<\/table>\n<h4>Session 1, chairman: Yu. Vassilevski (in Russian)<\/h4>\n<table cellpadding=\"10\">\n<tbody>\n<tr>\n<td width=\"51px\">10.10-10.40<\/td>\n<td>A.Chupakhin (Inst. of hydrodynamics, Novosibirsk). Blood flow monitoring in brain vessels<\/td>\n<\/tr>\n<tr>\n<td>10.40-11.05<\/td>\n<td>A.Cherevko (Inst. of hydrodynamics, Novosibirsk). Numerical modelling of affected zone for cerebral aneurysm<\/td>\n<\/tr>\n<tr>\n<td>11.05-11.30<\/td>\n<td>I.Petrenko (Vladimir State Univ.). Embolization of arteriovenous malformations: model and optimization<\/td>\n<\/tr>\n<tr>\n<td>11.30-11.55<\/td>\n<td>A.Khe (Inst. of hydrodynamics, Novosibirsk). Modelling of multiple cerebral aneurysms<\/td>\n<\/tr>\n<tr>\n<td>11.55-12.20<\/td>\n<td>Coffee break<\/td>\n<\/tr>\n<\/tbody>\n<\/table>\n<h4>Session 2, chairman: A. Chupakhin (in Russian)<\/h4>\n<table cellpadding=\"10\">\n<tbody>\n<tr>\n<td width=\"51px\">12.20-12.45<\/td>\n<td>A.Yanchenko (Novosibirsk State Univ.). Numerical and experimental study of blood flow in carotid bifurcation<\/td>\n<\/tr>\n<tr>\n<td>12.45-13.10<\/td>\n<td>Yu.Ivanov (INM, Moscow), R.Pryamonosov (Moscow State Univ.). Patient specific reconstruction of vascular network for hemodynamic modelling<\/td>\n<\/tr>\n<tr>\n<td>13.10-13.35<\/td>\n<td>T.Gamilov, S.Simakov (Moscow Inst.Phys.Tech.), E.Boileau (Swansea Univ.). Validation and testing of 1D haemodynamics models<\/td>\n<\/tr>\n<tr>\n<td>13.35-14.00<\/td>\n<td>A.Tokarev (Nat. Research Centre for Hematology, Moscow). Spatial Dynamics of Blood Coagulation<\/td>\n<\/tr>\n<tr>\n<td>14.00-15.15<\/td>\n<td>Lunch<\/td>\n<\/tr>\n<\/tbody>\n<\/table>\n<table cellpadding=\"10\">\n<tbody>\n<tr>\n<td width=\"51px\">15.15-15.30<\/td>\n<td><b>Openning of the 4-th International workshop on the multiscale modeling and methods in biology and medicine<\/b><\/td>\n<\/tr>\n<\/tbody>\n<\/table>\n<h4>Session 3, chairman: N.Pertsev<\/h4>\n<table cellpadding=\"10\">\n<tbody>\n<tr>\n<td width=\"51px\">15.30-16.00<\/td>\n<td>G.Panasenko (Inst. C.Jordan, St-Etienne, Laboratory Poncelet, Moscow). Junction of models of different dimension for flows in thin structures<\/td>\n<\/tr>\n<tr>\n<td>16.00-16.30<\/td>\n<td>S.Simakov, T.Gamilov (Moscow Inst.Phys.Tech.). 1D-0D coupled algorithms for haemodynamical modeling<\/td>\n<\/tr>\n<tr>\n<td>16.30-17.00<\/td>\n<td>V.Volpert (Inst. C.Jordan, Lyon). Multi-scale models in cell dynamics<\/td>\n<\/tr>\n<tr>\n<td>17.00-17.30<\/td>\n<td>G.Vial (Inst. C.Jordan, Lyon). Profile computations for elliptic problems in domains with small holes<\/td>\n<\/tr>\n<tr>\n<td>17.30-17.45<\/td>\n<td>Coffee-break<\/td>\n<\/tr>\n<\/tbody>\n<\/table>\n<h4>Session 4, chairman: V.Volpert<\/h4>\n<table cellpadding=\"10\">\n<tbody>\n<tr>\n<td width=\"51px\">17.45-18.15<\/td>\n<td>M.Viallon (Inst. C.Jordan, St-Etienne). Iterative strong coupling of a geometrical multi-scale model for a parabolic problem<\/td>\n<\/tr>\n<tr>\n<td>18.15-18.45<\/td>\n<td>F.Ataullakhanov (National Cent.Problems in Chemo-Physical Pharmacology, Moscow). Multiscale modelling of the microtubule dynamics<\/td>\n<\/tr>\n<tr>\n<td>18.45-19.15<\/td>\n<td>P.Chelle (Ecole des Mines, Saint-Etienne). Assessment of thrombin generation numerical models<\/td>\n<\/tr>\n<\/tbody>\n<\/table>\n<h3>October 30, Thursday<\/h3>\n<h4>Session 5, chairman: G.Panassenko<\/h4>\n<table cellpadding=\"10\">\n<tbody>\n<tr>\n<td width=\"51px\">10.00-10.30<\/td>\n<td>V.Shiryaev, J.Orlik (Fraunhofer Inst., Kaiserslautern), G.Panasenko (Instit. Camille Jordan, St-Etienne, Labor. Poncelet, Moscow). Optimization of Robin-type problems of elasticity via homogenizationand beam models with the application to medical textiles design<\/td>\n<\/tr>\n<tr>\n<td>10.30-11.00<\/td>\n<td>N.Pertsev (Inst. of Mathematics, Omsk). Application of M-matricies for study a high-dimension models in biology and medicine: stability and asymptotic behavior of solutions<\/td>\n<\/tr>\n<tr>\n<td>11.00-11.30<\/td>\n<td>J.Orlik, D. Cioranescu, A. Damlamian, V. Shiryaev (Fraunhofer Inst., Kaiserslautern). Homogenization of the frictional contact problems on a periodic medical textiles<\/td>\n<\/tr>\n<tr>\n<td>11.30-11.50<\/td>\n<td>Coffee-break<\/td>\n<\/tr>\n<\/tbody>\n<\/table>\n<h4>Session 6, chairman: A.Polezhaev<\/h4>\n<table cellpadding=\"10\">\n<tbody>\n<tr>\n<td width=\"51px\">11.50-12.20<\/td>\n<td>R.Aliev, R.Syunyaev (Moscow Inst.Phys.Tech., Fed.Biomedical Agency). Computer simulations of propagation and reentry patterns in the sinoatrial node<\/td>\n<\/tr>\n<tr>\n<td>12.20-12.50<\/td>\n<td>A.Tsaturyan (Moscow State Univ.). A mechanochemical model of cardiac muscle: simulation of experiments in vitro and left ventricle pumping function<\/td>\n<\/tr>\n<tr>\n<td>12.50-13.20<\/td>\n<td>O.Solovyova, V. Markhasin (Inst. Immunology and Physiology, Ural Fed.Univ., Yekaterinburg). Role of cardiac mechano-electric coupling in arrhythmogenesis<\/td>\n<\/tr>\n<tr>\n<td>13.20-13.50<\/td>\n<td>A.Vasilyeva, N.Vikulova, V.Marhasin, O.Soloyyova (Inst. Immunology and Physiology, Yekaterinburg). Transmural heterogeneity of myocardium in norm and pathology<\/td>\n<\/tr>\n<tr>\n<td>13.50-14.50<\/td>\n<td>Lunch<\/td>\n<\/tr>\n<\/tbody>\n<\/table>\n<h4>Session 7, chairman: O.Solovyova (in Russian, except Mukhin)<\/h4>\n<table cellpadding=\"10\">\n<tbody>\n<tr>\n<td width=\"51px\">14.50-15.15<\/td>\n<td>A.Danilov (INM). ECG numerical modelling for patients with pathologies<\/td>\n<\/tr>\n<tr>\n<td>15.15-15.40<\/td>\n<td>A.Kursanov, N.Vikylova, L.Kancelson, O.Solovyova, A.Marhasin (Inst. Immunology and Physiology, Ural State Univ., Yekaterinburg). Impact of mechanical factors on  rhythm disturbances in mathematical model of cardiac fiber\n<\/td>\n<\/tr>\n<tr>\n<td>15.40-16.05<\/td>\n<td>A.Zhmurov (Moscow Inst.Phys.Tech.). Structure and biomechanics of fibrin polymers<\/td>\n<\/tr>\n<tr>\n<td>16.05-16.35<\/td>\n<td>S.Mukhin (Moscow State Univ.). Mathematical models of  hemodynamic as an instrument for solution of related medical problems<\/td>\n<\/tr>\n<tr>\n<td>16.35-16.55<\/td>\n<td>Coffee break<\/td>\n<\/tr>\n<\/tbody>\n<\/table>\n<h4>Session 8, chairman: A.Medvinskiy (in Russian)<\/h4>\n<table cellpadding=\"10\">\n<tbody>\n<tr>\n<td width=\"51px\">16.55-17.25<\/td>\n<td>A.Medvinskiy, N.Nurieva, A.Rusakov (Inst.Theoretical and Exper.Biophysics, Puschino), B.Adamovich, T.Miheev, T.Zhukova (Belorus.state univ., Minsk),  N.Radchikova (Belorus. state pedagog. univ.). Life on chaos border? Mathematical modelling and analysis of field measurements<\/td>\n<\/tr>\n<tr>\n<td>17.25-17.50<\/td>\n<td>N.Pertsev (Inst. of Mathematics, Omsk). Asymptotic behavior of solutions of mathematical models for epidemic processes with common structural properties<\/td>\n<\/tr>\n<tr>\n<td>17.50-18.15<\/td>\n<td>V.Leonenko (Univ. of inform.technologies, mechanics and optics, S-Peterburg), N.Pertsev (Inst. of Mathematics, Omsk). High performance computing for mimetic modelling of socially significant diseases propagation<\/td>\n<\/tr>\n<tr>\n<td>18.15-18.40<\/td>\n<td>R.Trascheev (Inst.Fund.Problems of Biology, Puschino), D.Sarancha (Computing Centre,Moscow). Approaches to modelling of biocenosis<\/td>\n<\/tr>\n<\/tbody>\n<\/table>\n<h3>31 October, Friday<\/h3>\n<h4>Session 9, chairman: G. Bocharov<\/h4>\n<table cellpadding=\"10\">\n<tbody>\n<tr>\n<td width=\"51px\">10.00-10.30<\/td>\n<td>A.Bratus (Moscow State Univ.), S.Yu. Kovalenko (Fed.scient.clinic.center, Moscow), H. Fimmel (Univ.Mannheim, Germany). On viable therapy strategy in mathematical models of interaction drugs and maligant cells<\/td>\n<\/tr>\n<tr>\n<td>10.30-11.00<\/td>\n<td>Jean Clairambault, Rebecca Chisholm, Tommaso Lorenzi, Alexander Lorz, Beno\u00eet Perthame, Emmanuel Tr\u00e9lat (Jacques-Louis Lions Laboratory, INRIA &#038; UPMC, Paris), Alexandre Escargueil (Cancer Biology and Therapeutics Lab, INSERM &amp; UPMC, St Antoine Hosp., Paris). Drug resistance in cancer: biological and medical issues, continuous modelling using structured population dynamics and theoretical therapeutic optimisation<\/td>\n<\/tr>\n<tr>\n<td>11.00-11.25<\/td>\n<td>T.Galochkina (Fed. Biomedical Agency, MSU, Moscow), A.Bratus (Moscow State Univ.), V\u00edctor M. P\u00e9rez Garc\u00eda (Univ. de Castilla-La Mancha). Optimal radiotherapy regimes for low grade gliomas: insights from a mathematical model<\/td>\n<\/tr>\n<tr>\n<td>11.25-11.50<\/td>\n<td>A.Kolobov (Phys.Inst., INM, Moscow), M.Kuznetsov (Phys.Inst.). Tumor growth modeling under antiangiogenic therapy<\/td>\n<\/tr>\n<tr>\n<td>11.50-12.10<\/td>\n<td>Coffee break<\/td>\n<\/tr>\n<\/tbody>\n<\/table>\n<h4>Session 10, chairman: A.Bratus (in Russian)<\/h4>\n<table cellpadding=\"10\">\n<tbody>\n<tr>\n<td width=\"51px\">12.10-12.30<\/td>\n<td>S.Maltseva (Inst. of Mathematics, Novosibirsk). Cerebral vascular network reconstruction on high field MRI data<\/td>\n<\/tr>\n<tr>\n<td>12.30-12.50<\/td>\n<td>V.Salamatova (Moscow Inst.Phys.Tech., INM). Modelling of soft tissue deformation<\/td>\n<\/tr>\n<tr>\n<td>12.50-13.10<\/td>\n<td>E.Timme (Inst. Biomedical Problems, Moscow),   E.Akimov, M.Vinogradov (Sports center of innovative technologies, Moscow). Modeling of sport shape dynamics in endurance sports<\/td>\n<\/tr>\n<tr>\n<td>13.10-13.30<\/td>\n<td>V.Maryakhina, Gun&#8217;kov V.V. (Orenburg State Univ.). Fluorescence of photosensitizer and its diffusion in biological liquid flow<\/td>\n<\/tr>\n<tr>\n<td>13.30-13.50<\/td>\n<td>K.Novikov (Moscow State Univ.). Mathematical modelling of early endosomes and dynamics of Rab5<\/td>\n<\/tr>\n<tr>\n<td>13.50-14.10<\/td>\n<td>G.Strukov, G.Strukova (Inst. Solid State Phys., Chernogolovka). 3D-mesostructures obtained by self-organization of metallic nanowires<\/td>\n<\/tr>\n<tr>\n<td>14.10-14.30<\/td>\n<td>D.Konyagin (NVIDIA, Moscow). Accelerated Computing from Mobile Devices to Supercomputers<\/td>\n<\/tr>\n<tr>\n<td>14.30<\/td>\n<td>Closing<\/td>\n<\/tr>\n<\/tbody>\n<\/table>\n<\/div>\n<p><ins datetime=\"2014-10-24T09:40:30+00:00\"><\/p>\n","protected":false},"excerpt":{"rendered":"<p>VI-th conference Joint program Electronic presentations Proceedings of VI-th conference (special issue of RJNAMM journal) Workshop MMMBM 6th Russian Workshop on Mathematical Models and Numerical Methods in Biomathematics and 4-th International Workshop on the Multiscale Modeling and Methods in Biology and Medicine Venue: INM RAS, Room 727, Gubkin str., 8, Moscow (www.inm.ras.ru) October 29, Wednesday [&hellip;]<\/p>\n","protected":false},"author":1,"featured_media":0,"parent":439,"menu_order":0,"comment_status":"closed","ping_status":"closed","template":"full-width-page.php","meta":{"_bbp_topic_count":0,"_bbp_reply_count":0,"_bbp_total_topic_count":0,"_bbp_total_reply_count":0,"_bbp_voice_count":0,"_bbp_anonymous_reply_count":0,"_bbp_topic_count_hidden":0,"_bbp_reply_count_hidden":0,"_bbp_forum_subforum_count":0},"_links":{"self":[{"href":"https:\/\/dodo.inm.ras.ru\/biomath\/wp-json\/wp\/v2\/pages\/669"}],"collection":[{"href":"https:\/\/dodo.inm.ras.ru\/biomath\/wp-json\/wp\/v2\/pages"}],"about":[{"href":"https:\/\/dodo.inm.ras.ru\/biomath\/wp-json\/wp\/v2\/types\/page"}],"author":[{"embeddable":true,"href":"https:\/\/dodo.inm.ras.ru\/biomath\/wp-json\/wp\/v2\/users\/1"}],"replies":[{"embeddable":true,"href":"https:\/\/dodo.inm.ras.ru\/biomath\/wp-json\/wp\/v2\/comments?post=669"}],"version-history":[{"count":31,"href":"https:\/\/dodo.inm.ras.ru\/biomath\/wp-json\/wp\/v2\/pages\/669\/revisions"}],"predecessor-version":[{"id":864,"href":"https:\/\/dodo.inm.ras.ru\/biomath\/wp-json\/wp\/v2\/pages\/669\/revisions\/864"}],"up":[{"embeddable":true,"href":"https:\/\/dodo.inm.ras.ru\/biomath\/wp-json\/wp\/v2\/pages\/439"}],"wp:attachment":[{"href":"https:\/\/dodo.inm.ras.ru\/biomath\/wp-json\/wp\/v2\/media?parent=669"}],"curies":[{"name":"wp","href":"https:\/\/api.w.org\/{rel}","templated":true}]}}